{"id":28734,"date":"2025-11-13T17:32:29","date_gmt":"2025-11-13T17:32:29","guid":{"rendered":"https:\/\/zoombusinesspoint.so\/?post_type=product&#038;p=28734"},"modified":"2025-11-13T17:32:29","modified_gmt":"2025-11-13T17:32:29","slug":"antena-radio-507","status":"publish","type":"product","link":"https:\/\/zoombusinesspoint.so\/index.php\/product\/antena-radio-507\/","title":{"rendered":"ANTENA RADIO  507"},"content":{"rendered":"<div class=\"product-title-info\" data-spm=\"0000004Ir\"><span class=\"product-title-text\" data-spm=\"0000000Ap\" data-text=\"Antena AR-507 de alta ganancia 144\/430MHz, antena de radio m\u00f3vil, con conector PL259 de 74CM, recepci\u00f3n de se\u00f1al fuerte de 150W\">Antena AR-507 de alta ganancia 144\/430MHz, antena de radio m\u00f3vil, con conector PL259 de 74CM, recepci\u00f3n de se\u00f1al fuerte de 150W<\/span><\/div>\n<div class=\"product-title-share\" data-spm=\"0000004Is\">\n<div class=\"title-share-icon\" data-spm=\"0000004It\"><\/div>\n<\/div>\n","protected":false},"excerpt":{"rendered":"<p>Antena AR-507 de alta ganancia 144\/430MHz, antena de radio m\u00f3vil, con conector PL259 de 74CM, recepci\u00f3n de se\u00f1al fuerte de<\/p>\n","protected":false},"featured_media":28735,"comment_status":"open","ping_status":"closed","template":"","meta":[],"product_brand":[],"product_cat":[113],"product_tag":[],"class_list":{"0":"post-28734","1":"product","2":"type-product","3":"status-publish","4":"has-post-thumbnail","6":"product_cat-other-categories","8":"first","9":"instock","10":"shipping-taxable","11":"purchasable","12":"product-type-simple"},"_links":{"self":[{"href":"https:\/\/zoombusinesspoint.so\/index.php\/wp-json\/wp\/v2\/product\/28734","targetHints":{"allow":["GET"]}}],"collection":[{"href":"https:\/\/zoombusinesspoint.so\/index.php\/wp-json\/wp\/v2\/product"}],"about":[{"href":"https:\/\/zoombusinesspoint.so\/index.php\/wp-json\/wp\/v2\/types\/product"}],"replies":[{"embeddable":true,"href":"https:\/\/zoombusinesspoint.so\/index.php\/wp-json\/wp\/v2\/comments?post=28734"}],"version-history":[{"count":1,"href":"https:\/\/zoombusinesspoint.so\/index.php\/wp-json\/wp\/v2\/product\/28734\/revisions"}],"predecessor-version":[{"id":28740,"href":"https:\/\/zoombusinesspoint.so\/index.php\/wp-json\/wp\/v2\/product\/28734\/revisions\/28740"}],"wp:featuredmedia":[{"embeddable":true,"href":"https:\/\/zoombusinesspoint.so\/index.php\/wp-json\/wp\/v2\/media\/28735"}],"wp:attachment":[{"href":"https:\/\/zoombusinesspoint.so\/index.php\/wp-json\/wp\/v2\/media?parent=28734"}],"wp:term":[{"taxonomy":"product_brand","embeddable":true,"href":"https:\/\/zoombusinesspoint.so\/index.php\/wp-json\/wp\/v2\/product_brand?post=28734"},{"taxonomy":"product_cat","embeddable":true,"href":"https:\/\/zoombusinesspoint.so\/index.php\/wp-json\/wp\/v2\/product_cat?post=28734"},{"taxonomy":"product_tag","embeddable":true,"href":"https:\/\/zoombusinesspoint.so\/index.php\/wp-json\/wp\/v2\/product_tag?post=28734"}],"curies":[{"name":"wp","href":"https:\/\/api.w.org\/{rel}","templated":true}]}}