{"id":28567,"date":"2025-11-12T17:32:07","date_gmt":"2025-11-12T17:32:07","guid":{"rendered":"https:\/\/zoombusinesspoint.so\/?post_type=product&#038;p=28567"},"modified":"2025-11-12T17:35:33","modified_gmt":"2025-11-12T17:35:33","slug":"tp-link-switch-tl-sg-1016d-16port-gega","status":"publish","type":"product","link":"https:\/\/zoombusinesspoint.so\/index.php\/product\/tp-link-switch-tl-sg-1016d-16port-gega\/","title":{"rendered":"TP LINK SWITCH TL-SG 1016D 16PORT GEGA"},"content":{"rendered":"<ul>\n<li>16 c\u1ed5ng t\u1ed1c \u0111\u1ed9 10\/100\/1000 Mbps<\/li>\n<li>C\u00f4ng ngh\u1ec7 n\u0103ng l\u01b0\u1ee3ng hi\u1ec7u qu\u1ea3 s\u00e1ng t\u1ea1o gi\u00fap ti\u1ebft ki\u1ec7m n\u0103ng l\u01b0\u1ee3ng \u0111\u1ebfn 40%*<\/li>\n<li>H\u1ed7 tr\u1ee3 t\u1ef1 h\u1ecdc \u0111\u1ecba ch\u1ec9 MAC, t\u1ef1 \u0111\u1ed9ng MDI\/MDIX v\u00e0 t\u1ef1 \u0111\u1ed9ng \u0111\u00e0m ph\u00e1n<\/li>\n<li>Thi\u1ebft k\u1ebf c\u1eafm v\u00e0o v\u00e0 s\u1eed d\u1ee5ng<\/li>\n<\/ul>\n","protected":false},"excerpt":{"rendered":"<p>16 c\u1ed5ng t\u1ed1c \u0111\u1ed9 10\/100\/1000 Mbps C\u00f4ng ngh\u1ec7 n\u0103ng l\u01b0\u1ee3ng hi\u1ec7u qu\u1ea3 s\u00e1ng t\u1ea1o gi\u00fap ti\u1ebft ki\u1ec7m n\u0103ng l\u01b0\u1ee3ng \u0111\u1ebfn<\/p>\n","protected":false},"featured_media":28569,"comment_status":"open","ping_status":"closed","template":"","meta":[],"product_brand":[],"product_cat":[92],"product_tag":[],"class_list":{"0":"post-28567","1":"product","2":"type-product","3":"status-publish","4":"has-post-thumbnail","6":"product_cat-accesspoint","8":"first","9":"instock","10":"shipping-taxable","11":"purchasable","12":"product-type-simple"},"_links":{"self":[{"href":"https:\/\/zoombusinesspoint.so\/index.php\/wp-json\/wp\/v2\/product\/28567","targetHints":{"allow":["GET"]}}],"collection":[{"href":"https:\/\/zoombusinesspoint.so\/index.php\/wp-json\/wp\/v2\/product"}],"about":[{"href":"https:\/\/zoombusinesspoint.so\/index.php\/wp-json\/wp\/v2\/types\/product"}],"replies":[{"embeddable":true,"href":"https:\/\/zoombusinesspoint.so\/index.php\/wp-json\/wp\/v2\/comments?post=28567"}],"version-history":[{"count":1,"href":"https:\/\/zoombusinesspoint.so\/index.php\/wp-json\/wp\/v2\/product\/28567\/revisions"}],"predecessor-version":[{"id":28568,"href":"https:\/\/zoombusinesspoint.so\/index.php\/wp-json\/wp\/v2\/product\/28567\/revisions\/28568"}],"wp:featuredmedia":[{"embeddable":true,"href":"https:\/\/zoombusinesspoint.so\/index.php\/wp-json\/wp\/v2\/media\/28569"}],"wp:attachment":[{"href":"https:\/\/zoombusinesspoint.so\/index.php\/wp-json\/wp\/v2\/media?parent=28567"}],"wp:term":[{"taxonomy":"product_brand","embeddable":true,"href":"https:\/\/zoombusinesspoint.so\/index.php\/wp-json\/wp\/v2\/product_brand?post=28567"},{"taxonomy":"product_cat","embeddable":true,"href":"https:\/\/zoombusinesspoint.so\/index.php\/wp-json\/wp\/v2\/product_cat?post=28567"},{"taxonomy":"product_tag","embeddable":true,"href":"https:\/\/zoombusinesspoint.so\/index.php\/wp-json\/wp\/v2\/product_tag?post=28567"}],"curies":[{"name":"wp","href":"https:\/\/api.w.org\/{rel}","templated":true}]}}